{"id":3449,"date":"2023-12-23T19:34:55","date_gmt":"2023-12-23T18:34:55","guid":{"rendered":"https:\/\/www.bravowinebar.com\/?post_type=product&#038;p=3449"},"modified":"2023-12-23T19:55:58","modified_gmt":"2023-12-23T18:55:58","slug":"heredad-26-mencia","status":"publish","type":"product","link":"https:\/\/www.bravowinebar.com\/nl\/product\/heredad-26-mencia\/","title":{"rendered":"Heredad 26 Menc\u00eda"},"content":{"rendered":"<p>Heredad 26 Menc\u00eda is een rode wijn gemaakt door Heredad Mor\u00e1n &#038; L\u00f3pez in de DO Bierzo van 100% Menc\u00eda druiven.<\/p>\n","protected":false},"excerpt":{"rendered":"<p>Heredad 26 Menc\u00eda is een rode wijn gemaakt door Heredad Mor\u00e1n &#038; L\u00f3pez in de DO Bierzo van 100% Menc\u00eda druiven.<\/p>\n","protected":false},"featured_media":3454,"comment_status":"closed","ping_status":"closed","template":"","meta":{"_acf_changed":false,"_seopress_robots_primary_cat":"none","_seopress_titles_title":"","_seopress_titles_desc":"","_seopress_robots_index":"","_kad_post_transparent":"default","_kad_post_title":"","_kad_post_layout":"default","_kad_post_sidebar_id":"","_kad_post_content_style":"default","_kad_post_vertical_padding":"default","_kad_post_feature":"","_kad_post_feature_position":"","_kad_post_header":false,"_kad_post_footer":false},"product_cat":[78],"product_tag":[],"country":[69],"grape_variety":[131],"other":[],"production_area":[128],"wine_type":[103],"winery":[129],"class_list":{"0":"post-3449","1":"product","2":"type-product","3":"status-publish","4":"has-post-thumbnail","6":"product_cat-wijn","7":"country-spanje","8":"grape_variety-mencia-nl","9":"production_area-do-bierzo-nl","10":"wine_type-rode-wijn","11":"winery-heredad-moran-lopez-nl","13":"first","14":"instock","15":"taxable","16":"shipping-taxable","17":"purchasable","18":"product-type-simple","19":"entry","20":"content-bg","21":"loop-entry"},"acf":[],"_links":{"self":[{"href":"https:\/\/www.bravowinebar.com\/nl\/wp-json\/wp\/v2\/product\/3449","targetHints":{"allow":["GET"]}}],"collection":[{"href":"https:\/\/www.bravowinebar.com\/nl\/wp-json\/wp\/v2\/product"}],"about":[{"href":"https:\/\/www.bravowinebar.com\/nl\/wp-json\/wp\/v2\/types\/product"}],"replies":[{"embeddable":true,"href":"https:\/\/www.bravowinebar.com\/nl\/wp-json\/wp\/v2\/comments?post=3449"}],"wp:featuredmedia":[{"embeddable":true,"href":"https:\/\/www.bravowinebar.com\/nl\/wp-json\/wp\/v2\/media\/3454"}],"wp:attachment":[{"href":"https:\/\/www.bravowinebar.com\/nl\/wp-json\/wp\/v2\/media?parent=3449"}],"wp:term":[{"taxonomy":"product_cat","embeddable":true,"href":"https:\/\/www.bravowinebar.com\/nl\/wp-json\/wp\/v2\/product_cat?post=3449"},{"taxonomy":"product_tag","embeddable":true,"href":"https:\/\/www.bravowinebar.com\/nl\/wp-json\/wp\/v2\/product_tag?post=3449"},{"taxonomy":"country","embeddable":true,"href":"https:\/\/www.bravowinebar.com\/nl\/wp-json\/wp\/v2\/country?post=3449"},{"taxonomy":"grape_variety","embeddable":true,"href":"https:\/\/www.bravowinebar.com\/nl\/wp-json\/wp\/v2\/grape_variety?post=3449"},{"taxonomy":"other","embeddable":true,"href":"https:\/\/www.bravowinebar.com\/nl\/wp-json\/wp\/v2\/other?post=3449"},{"taxonomy":"production_area","embeddable":true,"href":"https:\/\/www.bravowinebar.com\/nl\/wp-json\/wp\/v2\/production_area?post=3449"},{"taxonomy":"wine_type","embeddable":true,"href":"https:\/\/www.bravowinebar.com\/nl\/wp-json\/wp\/v2\/wine_type?post=3449"},{"taxonomy":"winery","embeddable":true,"href":"https:\/\/www.bravowinebar.com\/nl\/wp-json\/wp\/v2\/winery?post=3449"}],"curies":[{"name":"wp","href":"https:\/\/api.w.org\/{rel}","templated":true}]}}