{"id":3324,"date":"2023-12-10T01:38:23","date_gmt":"2023-12-10T00:38:23","guid":{"rendered":"https:\/\/www.bravowinebar.com\/?post_type=product&#038;p=3324"},"modified":"2023-12-12T21:18:18","modified_gmt":"2023-12-12T20:18:18","slug":"jilbo","status":"publish","type":"product","link":"https:\/\/www.bravowinebar.com\/nl\/product\/jilbo\/","title":{"rendered":"Jilbo"},"content":{"rendered":"<p>Jilbo is een rode wijn geproduceerd door Vinos Malandr\u00edn in de DO Tierra del Vino de Zamora in Juan Garc\u00eda (70%) en Tinto Fino (30%) vari\u00ebteiten. De wijn rijpte 12 maanden in eikenhouten vaten.<\/p>\n","protected":false},"excerpt":{"rendered":"<p>Jilbo is een rode wijn geproduceerd door Vinos Malandr\u00edn in de DO Tierra del Vino de Zamora in Juan Garc\u00eda (70%) en Tinto Fino (30%) vari\u00ebteiten. De wijn rijpte 12 maanden in eikenhouten vaten.<\/p>\n","protected":false},"featured_media":3329,"comment_status":"closed","ping_status":"closed","template":"","meta":{"_acf_changed":false,"_seopress_robots_primary_cat":"none","_seopress_titles_title":"","_seopress_titles_desc":"","_seopress_robots_index":"","_kad_post_transparent":"default","_kad_post_title":"","_kad_post_layout":"default","_kad_post_sidebar_id":"","_kad_post_content_style":"default","_kad_post_vertical_padding":"default","_kad_post_feature":"","_kad_post_feature_position":"","_kad_post_header":false,"_kad_post_footer":false},"product_cat":[78],"product_tag":[],"country":[69],"grape_variety":[120,113],"other":[],"production_area":[114],"wine_type":[103],"winery":[115],"class_list":{"0":"post-3324","1":"product","2":"type-product","3":"status-publish","4":"has-post-thumbnail","6":"product_cat-wijn","7":"country-spanje","8":"grape_variety-juan-garcia-nl","9":"grape_variety-tinto-fino-nl","10":"production_area-do-tierra-del-vino-de-zamora-nl","11":"wine_type-rode-wijn","12":"winery-vinos-malandrin-nl","14":"first","15":"instock","16":"taxable","17":"shipping-taxable","18":"purchasable","19":"product-type-simple","20":"entry","21":"content-bg","22":"loop-entry"},"acf":[],"_links":{"self":[{"href":"https:\/\/www.bravowinebar.com\/nl\/wp-json\/wp\/v2\/product\/3324","targetHints":{"allow":["GET"]}}],"collection":[{"href":"https:\/\/www.bravowinebar.com\/nl\/wp-json\/wp\/v2\/product"}],"about":[{"href":"https:\/\/www.bravowinebar.com\/nl\/wp-json\/wp\/v2\/types\/product"}],"replies":[{"embeddable":true,"href":"https:\/\/www.bravowinebar.com\/nl\/wp-json\/wp\/v2\/comments?post=3324"}],"wp:featuredmedia":[{"embeddable":true,"href":"https:\/\/www.bravowinebar.com\/nl\/wp-json\/wp\/v2\/media\/3329"}],"wp:attachment":[{"href":"https:\/\/www.bravowinebar.com\/nl\/wp-json\/wp\/v2\/media?parent=3324"}],"wp:term":[{"taxonomy":"product_cat","embeddable":true,"href":"https:\/\/www.bravowinebar.com\/nl\/wp-json\/wp\/v2\/product_cat?post=3324"},{"taxonomy":"product_tag","embeddable":true,"href":"https:\/\/www.bravowinebar.com\/nl\/wp-json\/wp\/v2\/product_tag?post=3324"},{"taxonomy":"country","embeddable":true,"href":"https:\/\/www.bravowinebar.com\/nl\/wp-json\/wp\/v2\/country?post=3324"},{"taxonomy":"grape_variety","embeddable":true,"href":"https:\/\/www.bravowinebar.com\/nl\/wp-json\/wp\/v2\/grape_variety?post=3324"},{"taxonomy":"other","embeddable":true,"href":"https:\/\/www.bravowinebar.com\/nl\/wp-json\/wp\/v2\/other?post=3324"},{"taxonomy":"production_area","embeddable":true,"href":"https:\/\/www.bravowinebar.com\/nl\/wp-json\/wp\/v2\/production_area?post=3324"},{"taxonomy":"wine_type","embeddable":true,"href":"https:\/\/www.bravowinebar.com\/nl\/wp-json\/wp\/v2\/wine_type?post=3324"},{"taxonomy":"winery","embeddable":true,"href":"https:\/\/www.bravowinebar.com\/nl\/wp-json\/wp\/v2\/winery?post=3324"}],"curies":[{"name":"wp","href":"https:\/\/api.w.org\/{rel}","templated":true}]}}