{"id":3307,"date":"2023-12-08T14:06:42","date_gmt":"2023-12-08T13:06:42","guid":{"rendered":"https:\/\/www.bravowinebar.com\/?post_type=product&#038;p=3307"},"modified":"2023-12-08T14:39:41","modified_gmt":"2023-12-08T13:39:41","slug":"malandrin-superior","status":"publish","type":"product","link":"https:\/\/www.bravowinebar.com\/nl\/product\/malandrin-superior\/","title":{"rendered":"Malandr\u00edn Superior"},"content":{"rendered":"<p>Malandr\u00edn Superior is een rode wijn geproduceerd door Vinos Malandr\u00edn in de DO Tierra del Vino de Zamora van de druivensoort Tinto Fino. De wijn rijpte 24 maanden in vaten.<\/p>\n","protected":false},"excerpt":{"rendered":"<p>Malandr\u00edn Superior is een rode wijn geproduceerd door Vinos Malandr\u00edn in de DO Tierra del Vino de Zamora van de druivensoort Tinto Fino. De wijn rijpte 24 maanden in vaten.<\/p>\n","protected":false},"featured_media":3309,"comment_status":"closed","ping_status":"closed","template":"","meta":{"_acf_changed":false,"_seopress_robots_primary_cat":"none","_seopress_titles_title":"","_seopress_titles_desc":"","_seopress_robots_index":"","_kad_post_transparent":"default","_kad_post_title":"","_kad_post_layout":"default","_kad_post_sidebar_id":"","_kad_post_content_style":"default","_kad_post_vertical_padding":"default","_kad_post_feature":"","_kad_post_feature_position":"","_kad_post_header":false,"_kad_post_footer":false},"product_cat":[78],"product_tag":[],"country":[69],"grape_variety":[113],"other":[],"production_area":[114],"wine_type":[103],"winery":[115],"class_list":{"0":"post-3307","1":"product","2":"type-product","3":"status-publish","4":"has-post-thumbnail","6":"product_cat-wijn","7":"country-spanje","8":"grape_variety-tinto-fino-nl","9":"production_area-do-tierra-del-vino-de-zamora-nl","10":"wine_type-rode-wijn","11":"winery-vinos-malandrin-nl","13":"first","14":"instock","15":"taxable","16":"shipping-taxable","17":"purchasable","18":"product-type-simple","19":"entry","20":"content-bg","21":"loop-entry"},"acf":[],"_links":{"self":[{"href":"https:\/\/www.bravowinebar.com\/nl\/wp-json\/wp\/v2\/product\/3307","targetHints":{"allow":["GET"]}}],"collection":[{"href":"https:\/\/www.bravowinebar.com\/nl\/wp-json\/wp\/v2\/product"}],"about":[{"href":"https:\/\/www.bravowinebar.com\/nl\/wp-json\/wp\/v2\/types\/product"}],"replies":[{"embeddable":true,"href":"https:\/\/www.bravowinebar.com\/nl\/wp-json\/wp\/v2\/comments?post=3307"}],"wp:featuredmedia":[{"embeddable":true,"href":"https:\/\/www.bravowinebar.com\/nl\/wp-json\/wp\/v2\/media\/3309"}],"wp:attachment":[{"href":"https:\/\/www.bravowinebar.com\/nl\/wp-json\/wp\/v2\/media?parent=3307"}],"wp:term":[{"taxonomy":"product_cat","embeddable":true,"href":"https:\/\/www.bravowinebar.com\/nl\/wp-json\/wp\/v2\/product_cat?post=3307"},{"taxonomy":"product_tag","embeddable":true,"href":"https:\/\/www.bravowinebar.com\/nl\/wp-json\/wp\/v2\/product_tag?post=3307"},{"taxonomy":"country","embeddable":true,"href":"https:\/\/www.bravowinebar.com\/nl\/wp-json\/wp\/v2\/country?post=3307"},{"taxonomy":"grape_variety","embeddable":true,"href":"https:\/\/www.bravowinebar.com\/nl\/wp-json\/wp\/v2\/grape_variety?post=3307"},{"taxonomy":"other","embeddable":true,"href":"https:\/\/www.bravowinebar.com\/nl\/wp-json\/wp\/v2\/other?post=3307"},{"taxonomy":"production_area","embeddable":true,"href":"https:\/\/www.bravowinebar.com\/nl\/wp-json\/wp\/v2\/production_area?post=3307"},{"taxonomy":"wine_type","embeddable":true,"href":"https:\/\/www.bravowinebar.com\/nl\/wp-json\/wp\/v2\/wine_type?post=3307"},{"taxonomy":"winery","embeddable":true,"href":"https:\/\/www.bravowinebar.com\/nl\/wp-json\/wp\/v2\/winery?post=3307"}],"curies":[{"name":"wp","href":"https:\/\/api.w.org\/{rel}","templated":true}]}}